{"id":2974,"date":"2024-07-29T13:38:24","date_gmt":"2024-07-29T17:38:24","guid":{"rendered":"http:\/\/mezzati.do\/?post_type=product&#038;p=2974"},"modified":"2025-01-28T14:03:06","modified_gmt":"2025-01-28T18:03:06","slug":"sillas-bar-3","status":"publish","type":"product","link":"https:\/\/www.casatempo.do\/es\/producto\/sillas-bar-3\/","title":{"rendered":"Sillas Bar"},"content":{"rendered":"<p>Firme y permanente, el amplio dise\u00f1o del respaldo proporciona una posici\u00f3n de asiento distintivo y acogedor. Su reposabrazos, sus bordes redondeados y su estructura brindan un amplio soporte para mayor facilidad y comodidad. Dante permite la perfecta uni\u00f3n entre forma y funci\u00f3n, combinando la belleza de la silla impecable en todos sus \u00e1ngulos.<\/p>\n<p>Acabado Amendoa-I-24<\/p>\n","protected":false},"excerpt":{"rendered":"<p>Firme y permanente, el amplio dise\u00f1o del respaldo proporciona una posici\u00f3n de asiento distintivo y acogedor. Su reposabrazos, sus bordes redondeados y su estructura brindan un amplio soporte para mayor facilidad y comodidad. Dante permite la perfecta uni\u00f3n entre forma y funci\u00f3n, combinando la belleza de la silla impecable en todos sus \u00e1ngulos. Acabado Amendoa-I-24<\/p>\n","protected":false},"featured_media":2975,"comment_status":"open","ping_status":"closed","template":"","meta":{"site-sidebar-layout":"default","site-content-layout":"default","ast-site-content-layout":"default","site-content-style":"default","site-sidebar-style":"default","ast-global-header-display":"","ast-banner-title-visibility":"","ast-main-header-display":"","ast-hfb-above-header-display":"","ast-hfb-below-header-display":"","ast-hfb-mobile-header-display":"","site-post-title":"","ast-breadcrumbs-content":"","ast-featured-img":"","footer-sml-layout":"","ast-disable-related-posts":"","theme-transparent-header-meta":"default","adv-header-id-meta":"","stick-header-meta":"","header-above-stick-meta":"","header-main-stick-meta":"","header-below-stick-meta":"","astra-migrate-meta-layouts":"set","ast-page-background-enabled":"default","ast-page-background-meta":{"desktop":{"background-color":"","background-image":"","background-repeat":"repeat","background-position":"center center","background-size":"auto","background-attachment":"scroll","background-type":"","background-media":"","overlay-type":"","overlay-color":"","overlay-opacity":"","overlay-gradient":""},"tablet":{"background-color":"","background-image":"","background-repeat":"repeat","background-position":"center center","background-size":"auto","background-attachment":"scroll","background-type":"","background-media":"","overlay-type":"","overlay-color":"","overlay-opacity":"","overlay-gradient":""},"mobile":{"background-color":"","background-image":"","background-repeat":"repeat","background-position":"center center","background-size":"auto","background-attachment":"scroll","background-type":"","background-media":"","overlay-type":"","overlay-color":"","overlay-opacity":"","overlay-gradient":""}},"ast-content-background-meta":{"desktop":{"background-color":"var(--ast-global-color-5)","background-image":"","background-repeat":"repeat","background-position":"center center","background-size":"auto","background-attachment":"scroll","background-type":"","background-media":"","overlay-type":"","overlay-color":"","overlay-opacity":"","overlay-gradient":""},"tablet":{"background-color":"var(--ast-global-color-5)","background-image":"","background-repeat":"repeat","background-position":"center center","background-size":"auto","background-attachment":"scroll","background-type":"","background-media":"","overlay-type":"","overlay-color":"","overlay-opacity":"","overlay-gradient":""},"mobile":{"background-color":"var(--ast-global-color-5)","background-image":"","background-repeat":"repeat","background-position":"center center","background-size":"auto","background-attachment":"scroll","background-type":"","background-media":"","overlay-type":"","overlay-color":"","overlay-opacity":"","overlay-gradient":""}}},"product_brand":[],"product_cat":[43,111],"product_tag":[],"class_list":{"0":"post-2974","1":"product","2":"type-product","3":"status-publish","4":"has-post-thumbnail","6":"product_cat-comedor","7":"product_cat-sillas-bar-comedor","8":"desktop-align-left","9":"tablet-align-left","10":"mobile-align-left","12":"first","13":"instock","14":"taxable","15":"shipping-taxable","16":"purchasable","17":"product-type-simple"},"_links":{"self":[{"href":"https:\/\/www.casatempo.do\/es\/wp-json\/wp\/v2\/product\/2974","targetHints":{"allow":["GET"]}}],"collection":[{"href":"https:\/\/www.casatempo.do\/es\/wp-json\/wp\/v2\/product"}],"about":[{"href":"https:\/\/www.casatempo.do\/es\/wp-json\/wp\/v2\/types\/product"}],"replies":[{"embeddable":true,"href":"https:\/\/www.casatempo.do\/es\/wp-json\/wp\/v2\/comments?post=2974"}],"version-history":[{"count":3,"href":"https:\/\/www.casatempo.do\/es\/wp-json\/wp\/v2\/product\/2974\/revisions"}],"predecessor-version":[{"id":4231,"href":"https:\/\/www.casatempo.do\/es\/wp-json\/wp\/v2\/product\/2974\/revisions\/4231"}],"wp:featuredmedia":[{"embeddable":true,"href":"https:\/\/www.casatempo.do\/es\/wp-json\/wp\/v2\/media\/2975"}],"wp:attachment":[{"href":"https:\/\/www.casatempo.do\/es\/wp-json\/wp\/v2\/media?parent=2974"}],"wp:term":[{"taxonomy":"product_brand","embeddable":true,"href":"https:\/\/www.casatempo.do\/es\/wp-json\/wp\/v2\/product_brand?post=2974"},{"taxonomy":"product_cat","embeddable":true,"href":"https:\/\/www.casatempo.do\/es\/wp-json\/wp\/v2\/product_cat?post=2974"},{"taxonomy":"product_tag","embeddable":true,"href":"https:\/\/www.casatempo.do\/es\/wp-json\/wp\/v2\/product_tag?post=2974"}],"curies":[{"name":"wp","href":"https:\/\/api.w.org\/{rel}","templated":true}]}}